{"id":1114,"date":"2024-09-09T07:23:50","date_gmt":"2024-09-09T05:23:50","guid":{"rendered":"https:\/\/peix-pl.whads.com\/?page_id=1114"},"modified":"2025-03-14T11:35:59","modified_gmt":"2025-03-14T09:35:59","slug":"politica-de-cookies","status":"publish","type":"page","link":"https:\/\/peix-pl.whads.com\/es\/politica-de-cookies\/","title":{"rendered":"Pol\u00edtica de cookies"},"content":{"rendered":"<section id=\"whads-textimage-gblock-block_500eb144e915d93320c76b0651373e75\" class=\"whads-textimage-gblock whads-gblock alignwide\" data-layout=\"text-9\"><div class=\"whads-textimage-gblock__inner whads-animation whads-animation__fade-in-up-subtle\"><div class=\"whads-textimage-gblock__text__wrapper\"><div class=\"whads-textimage-gblock__text__inner\"><div class=\"whads-textimage-gblock__text\"><p>Las cookies son un mecanismo de recogida de informaci\u00f3n relativa a las preferencias y configuraci\u00f3n del navegador con el fin de reconocer a los usuarios recurrentes, personalizar el uso y facilitar una navegaci\u00f3n m\u00e1s \u00fatil.<\/p>\n<p>Mediante el acceso y uso de la web, el usuario acepta que la Peixos Ripoll Estera puede utilizar cookies propias y de terceros, de sesi\u00f3n y permanentes, con el fin de permitir la navegaci\u00f3n a trav\u00e9s de la web con caracter\u00edsticas predefinidas, el seguimiento y an\u00e1lisis del comportamiento y la gesti\u00f3n de espacios publicitarios.<\/p>\n<p>En caso de que el usuario desee rechazar la utilizaci\u00f3n de cookies puede tener limitadas algunas de las prestaciones de la web. Si el usuario contin\u00faa navegando por la web, implica que acepta su uso.<\/p>\n<p>Los procedimientos para el bloqueo y eliminaci\u00f3n de las cookies pueden diferir de un navegador de internet a otro, por lo que el usuario deber\u00e1 consultar las instrucciones facilitadas por el navegador como las que se detallan a continuaci\u00f3n:<\/p>\n<ul>\n<li><a href=\"https:\/\/support.google.com\/chrome\/answer\/95647?hl=es\">Google Chrome<\/a><\/li>\n<li><a href=\"https:\/\/support.mozilla.org\/es\/kb\/habilitar-y-deshabilitar-cookies-sitios-web-rastrear-preferencias?redirectlocale=es&amp;redirectslug=habilitar-y-deshabilitar-cookies-que-los-sitios-we\">Mozilla Firefox<\/a><\/li>\n<li><a href=\"http:\/\/windows.microsoft.com\/es\/windows-vista\/block-or-allow-cookies\">Internet Explorer<\/a><\/li>\n<li><a href=\"http:\/\/support.apple.com\/kb\/ph5042\">Safari<\/a><\/li>\n<li><a href=\"http:\/\/support.apple.com\/kb\/ht1677?viewlocale=ca_es&amp;locale=es\">Safari para a IOS (iPhone i iPad)<\/a><\/li>\n<li><a href=\"https:\/\/support.google.com\/chrome\/answer\/2392971?hl=es\">Chrome para Android<\/a><\/li>\n<\/ul>\n<p>En los siguientes enlaces se pueden consultar las pol\u00edticas de cookies, de las redes<br \/>\ncon las que estamos vinculados:<\/p>\n<ul>\n<li><a href=\"http:\/\/www.google.es\/intl\/es\/policies\/privacy\/\">Google<\/a><\/li>\n<li><a href=\"https:\/\/www.facebook.com\/about\/privacy\">Facebook<\/a><\/li>\n<li><a href=\"https:\/\/twitter.com\/privacy\">Twitter<\/a><\/li>\n<\/ul>\n<\/div><\/div><\/div><\/div><\/section>","protected":false},"excerpt":{"rendered":"","protected":false},"author":1,"featured_media":0,"parent":0,"menu_order":0,"comment_status":"closed","ping_status":"closed","template":"","meta":{"_acf_changed":false,"footnotes":""},"class_list":["post-1114","page","type-page","status-publish","hentry"],"acf":[],"yoast_head":"<!-- This site is optimized with the Yoast SEO plugin v26.8 - https:\/\/yoast.com\/product\/yoast-seo-wordpress\/ -->\n<title>Pol\u00edtica de cookies | Peix.cat - Peixateria online Boqueria<\/title>\n<meta name=\"description\" content=\"Compra el mejor pescado y marisco online del Mercado de la Boqueria de Barcelona. Te lo llevamos gratis y envasado al vac\u00edo en 24 o 48 horas.\" \/>\n<meta name=\"robots\" content=\"index, follow, max-snippet:-1, max-image-preview:large, max-video-preview:-1\" \/>\n<link rel=\"canonical\" href=\"https:\/\/peix-pl.whads.com\/es\/politica-de-cookies\/\" \/>\n<meta property=\"og:locale\" content=\"es_ES\" \/>\n<meta property=\"og:type\" content=\"article\" \/>\n<meta property=\"og:title\" content=\"Pol\u00edtica de cookies | Peix.cat - Peixateria online Boqueria\" \/>\n<meta property=\"og:description\" content=\"Compra el mejor pescado y marisco online del Mercado de la Boqueria de Barcelona. Te lo llevamos gratis y envasado al vac\u00edo en 24 o 48 horas.\" \/>\n<meta property=\"og:url\" content=\"https:\/\/peix-pl.whads.com\/es\/politica-de-cookies\/\" \/>\n<meta property=\"og:site_name\" content=\"Peix.cat\" \/>\n<meta property=\"article:modified_time\" content=\"2025-03-14T09:35:59+00:00\" \/>\n<meta property=\"og:image\" content=\"https:\/\/peix-pl.whads.com\/wp-content\/uploads\/2025\/03\/peixcat.jpg\" \/>\n\t<meta property=\"og:image:width\" content=\"1200\" \/>\n\t<meta property=\"og:image:height\" content=\"675\" \/>\n\t<meta property=\"og:image:type\" content=\"image\/jpeg\" \/>\n<meta name=\"twitter:card\" content=\"summary_large_image\" \/>\n<script type=\"application\/ld+json\" class=\"yoast-schema-graph\">{\"@context\":\"https:\/\/schema.org\",\"@graph\":[{\"@type\":\"WebPage\",\"@id\":\"https:\/\/peix-pl.whads.com\/es\/politica-de-cookies\/\",\"url\":\"https:\/\/peix-pl.whads.com\/es\/politica-de-cookies\/\",\"name\":\"Pol\u00edtica de cookies | Peix.cat - Peixateria online Boqueria\",\"isPartOf\":{\"@id\":\"https:\/\/peix-pl.whads.com\/es\/#website\"},\"datePublished\":\"2024-09-09T05:23:50+00:00\",\"dateModified\":\"2025-03-14T09:35:59+00:00\",\"description\":\"Compra el mejor pescado y marisco online del Mercado de la Boqueria de Barcelona. Te lo llevamos gratis y envasado al vac\u00edo en 24 o 48 horas.\",\"breadcrumb\":{\"@id\":\"https:\/\/peix-pl.whads.com\/es\/politica-de-cookies\/#breadcrumb\"},\"inLanguage\":\"es\",\"potentialAction\":[{\"@type\":\"ReadAction\",\"target\":[\"https:\/\/peix-pl.whads.com\/es\/politica-de-cookies\/\"]}]},{\"@type\":\"BreadcrumbList\",\"@id\":\"https:\/\/peix-pl.whads.com\/es\/politica-de-cookies\/#breadcrumb\",\"itemListElement\":[{\"@type\":\"ListItem\",\"position\":1,\"name\":\"Home\",\"item\":\"https:\/\/peix-pl.whads.com\/es\/\"},{\"@type\":\"ListItem\",\"position\":2,\"name\":\"Pol\u00edtica de cookies\"}]},{\"@type\":\"WebSite\",\"@id\":\"https:\/\/peix-pl.whads.com\/es\/#website\",\"url\":\"https:\/\/peix-pl.whads.com\/es\/\",\"name\":\"Peix.cat\",\"description\":\"Peixateria online Boqueria\",\"publisher\":{\"@id\":\"https:\/\/peix-pl.whads.com\/es\/#organization\"},\"potentialAction\":[{\"@type\":\"SearchAction\",\"target\":{\"@type\":\"EntryPoint\",\"urlTemplate\":\"https:\/\/peix-pl.whads.com\/es\/?s={search_term_string}\"},\"query-input\":{\"@type\":\"PropertyValueSpecification\",\"valueRequired\":true,\"valueName\":\"search_term_string\"}}],\"inLanguage\":\"es\"},{\"@type\":\"Organization\",\"@id\":\"https:\/\/peix-pl.whads.com\/es\/#organization\",\"name\":\"Peix.cat\",\"url\":\"https:\/\/peix-pl.whads.com\/es\/\",\"logo\":{\"@type\":\"ImageObject\",\"inLanguage\":\"es\",\"@id\":\"https:\/\/peix-pl.whads.com\/es\/#\/schema\/logo\/image\/\",\"url\":\"https:\/\/peix-pl.whads.com\/wp-content\/uploads\/2024\/09\/cropped-peixcat_logo_small.png\",\"contentUrl\":\"https:\/\/peix-pl.whads.com\/wp-content\/uploads\/2024\/09\/cropped-peixcat_logo_small.png\",\"width\":300,\"height\":300,\"caption\":\"Peix.cat\"},\"image\":{\"@id\":\"https:\/\/peix-pl.whads.com\/es\/#\/schema\/logo\/image\/\"},\"sameAs\":[\"https:\/\/www.instagram.com\/peix.cat\/\"]}]}<\/script>\n<!-- \/ Yoast SEO plugin. -->","yoast_head_json":{"title":"Pol\u00edtica de cookies | Peix.cat - Peixateria online Boqueria","description":"Compra el mejor pescado y marisco online del Mercado de la Boqueria de Barcelona. Te lo llevamos gratis y envasado al vac\u00edo en 24 o 48 horas.","robots":{"index":"index","follow":"follow","max-snippet":"max-snippet:-1","max-image-preview":"max-image-preview:large","max-video-preview":"max-video-preview:-1"},"canonical":"https:\/\/peix-pl.whads.com\/es\/politica-de-cookies\/","og_locale":"es_ES","og_type":"article","og_title":"Pol\u00edtica de cookies | Peix.cat - Peixateria online Boqueria","og_description":"Compra el mejor pescado y marisco online del Mercado de la Boqueria de Barcelona. Te lo llevamos gratis y envasado al vac\u00edo en 24 o 48 horas.","og_url":"https:\/\/peix-pl.whads.com\/es\/politica-de-cookies\/","og_site_name":"Peix.cat","article_modified_time":"2025-03-14T09:35:59+00:00","og_image":[{"width":1200,"height":675,"url":"https:\/\/peix-pl.whads.com\/wp-content\/uploads\/2025\/03\/peixcat.jpg","type":"image\/jpeg"}],"twitter_card":"summary_large_image","schema":{"@context":"https:\/\/schema.org","@graph":[{"@type":"WebPage","@id":"https:\/\/peix-pl.whads.com\/es\/politica-de-cookies\/","url":"https:\/\/peix-pl.whads.com\/es\/politica-de-cookies\/","name":"Pol\u00edtica de cookies | Peix.cat - Peixateria online Boqueria","isPartOf":{"@id":"https:\/\/peix-pl.whads.com\/es\/#website"},"datePublished":"2024-09-09T05:23:50+00:00","dateModified":"2025-03-14T09:35:59+00:00","description":"Compra el mejor pescado y marisco online del Mercado de la Boqueria de Barcelona. Te lo llevamos gratis y envasado al vac\u00edo en 24 o 48 horas.","breadcrumb":{"@id":"https:\/\/peix-pl.whads.com\/es\/politica-de-cookies\/#breadcrumb"},"inLanguage":"es","potentialAction":[{"@type":"ReadAction","target":["https:\/\/peix-pl.whads.com\/es\/politica-de-cookies\/"]}]},{"@type":"BreadcrumbList","@id":"https:\/\/peix-pl.whads.com\/es\/politica-de-cookies\/#breadcrumb","itemListElement":[{"@type":"ListItem","position":1,"name":"Home","item":"https:\/\/peix-pl.whads.com\/es\/"},{"@type":"ListItem","position":2,"name":"Pol\u00edtica de cookies"}]},{"@type":"WebSite","@id":"https:\/\/peix-pl.whads.com\/es\/#website","url":"https:\/\/peix-pl.whads.com\/es\/","name":"Peix.cat","description":"Peixateria online Boqueria","publisher":{"@id":"https:\/\/peix-pl.whads.com\/es\/#organization"},"potentialAction":[{"@type":"SearchAction","target":{"@type":"EntryPoint","urlTemplate":"https:\/\/peix-pl.whads.com\/es\/?s={search_term_string}"},"query-input":{"@type":"PropertyValueSpecification","valueRequired":true,"valueName":"search_term_string"}}],"inLanguage":"es"},{"@type":"Organization","@id":"https:\/\/peix-pl.whads.com\/es\/#organization","name":"Peix.cat","url":"https:\/\/peix-pl.whads.com\/es\/","logo":{"@type":"ImageObject","inLanguage":"es","@id":"https:\/\/peix-pl.whads.com\/es\/#\/schema\/logo\/image\/","url":"https:\/\/peix-pl.whads.com\/wp-content\/uploads\/2024\/09\/cropped-peixcat_logo_small.png","contentUrl":"https:\/\/peix-pl.whads.com\/wp-content\/uploads\/2024\/09\/cropped-peixcat_logo_small.png","width":300,"height":300,"caption":"Peix.cat"},"image":{"@id":"https:\/\/peix-pl.whads.com\/es\/#\/schema\/logo\/image\/"},"sameAs":["https:\/\/www.instagram.com\/peix.cat\/"]}]}},"_links":{"self":[{"href":"https:\/\/peix-pl.whads.com\/es\/wp-json\/wp\/v2\/pages\/1114","targetHints":{"allow":["GET"]}}],"collection":[{"href":"https:\/\/peix-pl.whads.com\/es\/wp-json\/wp\/v2\/pages"}],"about":[{"href":"https:\/\/peix-pl.whads.com\/es\/wp-json\/wp\/v2\/types\/page"}],"author":[{"embeddable":true,"href":"https:\/\/peix-pl.whads.com\/es\/wp-json\/wp\/v2\/users\/1"}],"replies":[{"embeddable":true,"href":"https:\/\/peix-pl.whads.com\/es\/wp-json\/wp\/v2\/comments?post=1114"}],"version-history":[{"count":2,"href":"https:\/\/peix-pl.whads.com\/es\/wp-json\/wp\/v2\/pages\/1114\/revisions"}],"predecessor-version":[{"id":1116,"href":"https:\/\/peix-pl.whads.com\/es\/wp-json\/wp\/v2\/pages\/1114\/revisions\/1116"}],"wp:attachment":[{"href":"https:\/\/peix-pl.whads.com\/es\/wp-json\/wp\/v2\/media?parent=1114"}],"curies":[{"name":"wp","href":"https:\/\/api.w.org\/{rel}","templated":true}]}}